{"id":2717,"date":"2026-02-12T21:01:19","date_gmt":"2026-02-12T13:01:19","guid":{"rendered":"https:\/\/www.sinoevery.com\/?post_type=product&#038;p=2717"},"modified":"2026-02-12T21:01:19","modified_gmt":"2026-02-12T13:01:19","slug":"infrared-for-home-dfy-j2-1","status":"publish","type":"product","link":"https:\/\/www.sinoevery.com\/pl\/produkt\/infrared-for-home-dfy-j2-1\/","title":{"rendered":"Infrared for home DFY-J2-1"},"content":{"rendered":"<p>Infrared for home DFY-J2-1<\/p>\n<table style=\"border-collapse: collapse; width: 721.52pt;\" border=\"0\" width=\"962\" cellspacing=\"0\" cellpadding=\"0\">\n<tbody>\n<tr style=\"height: 42.75pt;\">\n<td class=\"et5\" style=\"height: 42.75pt; width: 86.75pt;\" width=\"115\" height=\"57\">Model<\/td>\n<td class=\"et6\" style=\"width: 78.75pt;\" width=\"105\">Wolta\u017c\/<br \/>\nCz\u0119stotliwo\u015b\u0107\/<br \/>\nMoc<\/td>\n<td class=\"et8\" style=\"width: 132.80pt;\" width=\"177\">Panel size<\/td>\n<td class=\"et8\" style=\"width: 132.80pt;\" width=\"177\">Product size<\/td>\n<td class=\"et9\" style=\"width: 291.05pt;\" width=\"388\">Opis<\/td>\n<\/tr>\n<tr style=\"height: 202.50pt;\">\n<td class=\"et10\" style=\"height: 202.50pt; width: 86.75pt;\" width=\"115\" height=\"270\">DFY-J2-1<\/td>\n<td class=\"et11\" style=\"width: 78.75pt;\" width=\"105\">220-240V~<br \/>\n50\/60Hz<\/p>\n<p>2000W<\/td>\n<td class=\"et13\" style=\"width: 132.80pt;\" width=\"177\">260\u00d7260mm<\/td>\n<td class=\"et13\" style=\"width: 132.80pt;\" width=\"177\">360\u00d7290x69mm<\/td>\n<td class=\"et15\" style=\"width: 291.05pt;\" width=\"388\">*4-digit display<br \/>\n*Power:2000W<br \/>\n*Panel size:260\u00d7260mm<br \/>\n*Product size:360\u00d7290x69mm<br \/>\n*Push button control<br \/>\n*Black crystal plate<br \/>\n*3 hours timer<br \/>\n*Overheat protection<br \/>\n*Suitable for all kinds of pot withhigh temperature resistant<\/td>\n<\/tr>\n<\/tbody>\n<\/table>\n<div class=\"host-bincmiainjofjnhchmcalkanjebghoen\" style=\"position: relative; z-index: 2147483647;\"><\/div>","protected":false},"excerpt":{"rendered":"<p>Infrared for home DFY-J2-1<\/p>\n<table style=\"border-collapse: collapse; width: 721.52pt;\" border=\"0\" width=\"962\" cellspacing=\"0\" cellpadding=\"0\">\n<tbody>\n<tr style=\"height: 42.75pt;\">\n<td class=\"et5\" style=\"height: 42.75pt; width: 86.75pt;\" width=\"115\" height=\"57\">Model<\/td>\n<td class=\"et6\" style=\"width: 78.75pt;\" width=\"105\">Wolta\u017c\/<br \/>\nCz\u0119stotliwo\u015b\u0107\/<br \/>\nMoc<\/td>\n<td class=\"et8\" style=\"width: 132.80pt;\" width=\"177\">Panel size<\/td>\n<td class=\"et8\" style=\"width: 132.80pt;\" width=\"177\">Product size<\/td>\n<td class=\"et9\" style=\"width: 291.05pt;\" width=\"388\">Opis<\/td>\n<\/tr>\n<tr style=\"height: 202.50pt;\">\n<td class=\"et10\" style=\"height: 202.50pt; width: 86.75pt;\" width=\"115\" height=\"270\">DFY-J2-1<\/td>\n<td class=\"et11\" style=\"width: 78.75pt;\" width=\"105\">220-240V~<br \/>\n50\/60Hz<\/p>\n<p>2000W<\/td>\n<td class=\"et13\" style=\"width: 132.80pt;\" width=\"177\">260\u00d7260mm<\/td>\n<td class=\"et13\" style=\"width: 132.80pt;\" width=\"177\">360\u00d7290x69mm<\/td>\n<td class=\"et15\" style=\"width: 291.05pt;\" width=\"388\">*4-digit display<br \/>\n*Power:2000W<br \/>\n*Panel size:260\u00d7260mm<br \/>\n*Product size:360\u00d7290x69mm<br \/>\n*Push button control<br \/>\n*Black crystal plate<br \/>\n*3 hours timer<br \/>\n*Overheat protection<br \/>\n*Suitable for all kinds of pot withhigh temperature resistant<\/td>\n<\/tr>\n<\/tbody>\n<\/table>\n<div class=\"host-bincmiainjofjnhchmcalkanjebghoen\" style=\"position: relative; z-index: 2147483647;\"><\/div>\n<div class=\"host-bincmiainjofjnhchmcalkanjebghoen\" style=\"position: relative; z-index: 2147483647;\"><\/div>","protected":false},"featured_media":2718,"comment_status":"open","ping_status":"closed","template":"","meta":{"_eb_attr":"","site-sidebar-layout":"default","site-content-layout":"","ast-site-content-layout":"default","site-content-style":"default","site-sidebar-style":"default","ast-global-header-display":"","ast-banner-title-visibility":"","ast-main-header-display":"","ast-hfb-above-header-display":"","ast-hfb-below-header-display":"","ast-hfb-mobile-header-display":"","site-post-title":"","ast-breadcrumbs-content":"","ast-featured-img":"","footer-sml-layout":"","ast-disable-related-posts":"","theme-transparent-header-meta":"default","adv-header-id-meta":"","stick-header-meta":"default","header-above-stick-meta":"","header-main-stick-meta":"","header-below-stick-meta":"","astra-migrate-meta-layouts":"set","ast-page-background-enabled":"default","ast-page-background-meta":{"desktop":{"background-color":"","background-image":"","background-repeat":"repeat","background-position":"center center","background-size":"auto","background-attachment":"scroll","background-type":"","background-media":"","overlay-type":"","overlay-color":"","overlay-opacity":"","overlay-gradient":""},"tablet":{"background-color":"","background-image":"","background-repeat":"repeat","background-position":"center center","background-size":"auto","background-attachment":"scroll","background-type":"","background-media":"","overlay-type":"","overlay-color":"","overlay-opacity":"","overlay-gradient":""},"mobile":{"background-color":"","background-image":"","background-repeat":"repeat","background-position":"center center","background-size":"auto","background-attachment":"scroll","background-type":"","background-media":"","overlay-type":"","overlay-color":"","overlay-opacity":"","overlay-gradient":""}},"ast-content-background-meta":{"desktop":{"background-color":"var(--ast-global-color-5)","background-image":"","background-repeat":"repeat","background-position":"center center","background-size":"auto","background-attachment":"scroll","background-type":"","background-media":"","overlay-type":"","overlay-color":"","overlay-opacity":"","overlay-gradient":""},"tablet":{"background-color":"var(--ast-global-color-5)","background-image":"","background-repeat":"repeat","background-position":"center center","background-size":"auto","background-attachment":"scroll","background-type":"","background-media":"","overlay-type":"","overlay-color":"","overlay-opacity":"","overlay-gradient":""},"mobile":{"background-color":"var(--ast-global-color-5)","background-image":"","background-repeat":"repeat","background-position":"center center","background-size":"auto","background-attachment":"scroll","background-type":"","background-media":"","overlay-type":"","overlay-color":"","overlay-opacity":"","overlay-gradient":""}}},"product_brand":[],"product_cat":[86],"product_tag":[],"class_list":{"0":"post-2717","1":"product","2":"type-product","3":"status-publish","4":"has-post-thumbnail","6":"product_cat-3-infrared-for-home","7":"desktop-align-left","8":"tablet-align-left","9":"mobile-align-left","10":"ast-product-gallery-layout-horizontal-slider","11":"ast-product-gallery-with-no-image","12":"ast-product-tabs-layout-horizontal","14":"first","15":"instock","16":"shipping-taxable","17":"product-type-simple"},"_links":{"self":[{"href":"https:\/\/www.sinoevery.com\/pl\/wp-json\/wp\/v2\/product\/2717","targetHints":{"allow":["GET"]}}],"collection":[{"href":"https:\/\/www.sinoevery.com\/pl\/wp-json\/wp\/v2\/product"}],"about":[{"href":"https:\/\/www.sinoevery.com\/pl\/wp-json\/wp\/v2\/types\/product"}],"replies":[{"embeddable":true,"href":"https:\/\/www.sinoevery.com\/pl\/wp-json\/wp\/v2\/comments?post=2717"}],"wp:featuredmedia":[{"embeddable":true,"href":"https:\/\/www.sinoevery.com\/pl\/wp-json\/wp\/v2\/media\/2718"}],"wp:attachment":[{"href":"https:\/\/www.sinoevery.com\/pl\/wp-json\/wp\/v2\/media?parent=2717"}],"wp:term":[{"taxonomy":"product_brand","embeddable":true,"href":"https:\/\/www.sinoevery.com\/pl\/wp-json\/wp\/v2\/product_brand?post=2717"},{"taxonomy":"product_cat","embeddable":true,"href":"https:\/\/www.sinoevery.com\/pl\/wp-json\/wp\/v2\/product_cat?post=2717"},{"taxonomy":"product_tag","embeddable":true,"href":"https:\/\/www.sinoevery.com\/pl\/wp-json\/wp\/v2\/product_tag?post=2717"}],"curies":[{"name":"wp","href":"https:\/\/api.w.org\/{rel}","templated":true}]}}