{"id":2750,"date":"2026-02-12T21:16:56","date_gmt":"2026-02-12T13:16:56","guid":{"rendered":"https:\/\/www.sinoevery.com\/?post_type=product&#038;p=2750"},"modified":"2026-02-12T21:16:56","modified_gmt":"2026-02-12T13:16:56","slug":"commercial-induction-dfy-t71a","status":"publish","type":"product","link":"https:\/\/www.sinoevery.com\/pl\/produkt\/commercial-induction-dfy-t71a\/","title":{"rendered":"Commercial induction DFY-T71A"},"content":{"rendered":"<p>Commercial induction DFY-T71A<\/p>\n<table style=\"border-collapse: collapse; width: 721.52pt;\" border=\"0\" width=\"962\" cellspacing=\"0\" cellpadding=\"0\">\n<tbody>\n<tr style=\"height: 42.75pt;\">\n<td class=\"et5\" style=\"height: 42.75pt; width: 86.75pt;\" width=\"115\" height=\"57\">Model<\/td>\n<td class=\"et6\" style=\"width: 78.75pt;\" width=\"105\">Wolta\u017c\/<br \/>\nCz\u0119stotliwo\u015b\u0107\/<br \/>\nMoc<\/td>\n<td class=\"et8\" style=\"width: 132.80pt;\" width=\"177\">Panel size<\/td>\n<td class=\"et8\" style=\"width: 132.80pt;\" width=\"177\">Product size<\/td>\n<td class=\"et9\" style=\"width: 291.05pt;\" width=\"388\">Opis<\/td>\n<\/tr>\n<tr style=\"height: 182.25pt;\">\n<td class=\"et15\" style=\"height: 182.25pt;\" height=\"243\">DFY-T71A<\/td>\n<td class=\"et11\" style=\"width: 78.75pt;\" width=\"105\">220-240V~<br \/>\n50\/60Hz<\/p>\n<p>3500W<\/td>\n<td class=\"et15\">280x280mm<\/td>\n<td class=\"et13\" style=\"width: 132.80pt;\" width=\"177\">410x320x100mm<\/td>\n<td class=\"et14\" style=\"width: 291.05pt;\" width=\"388\">*4-digit display<br \/>\n*Power:3500W<br \/>\n*Panel size:280x280mm<br \/>\n*Product size:410&#215;320\u00d7100mm<br \/>\n*Commercial induction cooker<br \/>\n*Black crystal plate*S.S body<br \/>\n*Double fans fast heating<br \/>\n*Concave plate Commercial Induction Cooker<\/td>\n<\/tr>\n<\/tbody>\n<\/table>\n<div class=\"host-bincmiainjofjnhchmcalkanjebghoen\" style=\"position: relative; z-index: 2147483647;\"><\/div>","protected":false},"excerpt":{"rendered":"<p>Commercial induction DFY-T71A<\/p>\n<table style=\"border-collapse: collapse; width: 721.52pt;\" border=\"0\" width=\"962\" cellspacing=\"0\" cellpadding=\"0\">\n<tbody>\n<tr style=\"height: 42.75pt;\">\n<td class=\"et5\" style=\"height: 42.75pt; width: 86.75pt;\" width=\"115\" height=\"57\">Model<\/td>\n<td class=\"et6\" style=\"width: 78.75pt;\" width=\"105\">Wolta\u017c\/<br \/>\nCz\u0119stotliwo\u015b\u0107\/<br \/>\nMoc<\/td>\n<td class=\"et8\" style=\"width: 132.80pt;\" width=\"177\">Panel size<\/td>\n<td class=\"et8\" style=\"width: 132.80pt;\" width=\"177\">Product size<\/td>\n<td class=\"et9\" style=\"width: 291.05pt;\" width=\"388\">Opis<\/td>\n<\/tr>\n<tr style=\"height: 182.25pt;\">\n<td class=\"et15\" style=\"height: 182.25pt;\" height=\"243\">DFY-T71A<\/td>\n<td class=\"et11\" style=\"width: 78.75pt;\" width=\"105\">220-240V~<br \/>\n50\/60Hz<\/p>\n<p>3500W<\/td>\n<td class=\"et15\">280x280mm<\/td>\n<td class=\"et13\" style=\"width: 132.80pt;\" width=\"177\">410x320x100mm<\/td>\n<td class=\"et14\" style=\"width: 291.05pt;\" width=\"388\">*4-digit display<br \/>\n*Power:3500W<br \/>\n*Panel size:280x280mm<br \/>\n*Product size:410&#215;320\u00d7100mm<br \/>\n*Commercial induction cooker<br \/>\n*Black crystal plate*S.S body<br \/>\n*Double fans fast heating<br \/>\n*Concave plate Commercial Induction Cooker<\/td>\n<\/tr>\n<\/tbody>\n<\/table>\n<div class=\"host-bincmiainjofjnhchmcalkanjebghoen\" style=\"position: relative; z-index: 2147483647;\"><\/div>\n<div class=\"host-bincmiainjofjnhchmcalkanjebghoen\" style=\"position: relative; z-index: 2147483647;\"><\/div>","protected":false},"featured_media":2751,"comment_status":"open","ping_status":"closed","template":"","meta":{"_eb_attr":"","site-sidebar-layout":"default","site-content-layout":"","ast-site-content-layout":"default","site-content-style":"default","site-sidebar-style":"default","ast-global-header-display":"","ast-banner-title-visibility":"","ast-main-header-display":"","ast-hfb-above-header-display":"","ast-hfb-below-header-display":"","ast-hfb-mobile-header-display":"","site-post-title":"","ast-breadcrumbs-content":"","ast-featured-img":"","footer-sml-layout":"","ast-disable-related-posts":"","theme-transparent-header-meta":"default","adv-header-id-meta":"","stick-header-meta":"default","header-above-stick-meta":"","header-main-stick-meta":"","header-below-stick-meta":"","astra-migrate-meta-layouts":"set","ast-page-background-enabled":"default","ast-page-background-meta":{"desktop":{"background-color":"","background-image":"","background-repeat":"repeat","background-position":"center center","background-size":"auto","background-attachment":"scroll","background-type":"","background-media":"","overlay-type":"","overlay-color":"","overlay-opacity":"","overlay-gradient":""},"tablet":{"background-color":"","background-image":"","background-repeat":"repeat","background-position":"center center","background-size":"auto","background-attachment":"scroll","background-type":"","background-media":"","overlay-type":"","overlay-color":"","overlay-opacity":"","overlay-gradient":""},"mobile":{"background-color":"","background-image":"","background-repeat":"repeat","background-position":"center center","background-size":"auto","background-attachment":"scroll","background-type":"","background-media":"","overlay-type":"","overlay-color":"","overlay-opacity":"","overlay-gradient":""}},"ast-content-background-meta":{"desktop":{"background-color":"var(--ast-global-color-5)","background-image":"","background-repeat":"repeat","background-position":"center center","background-size":"auto","background-attachment":"scroll","background-type":"","background-media":"","overlay-type":"","overlay-color":"","overlay-opacity":"","overlay-gradient":""},"tablet":{"background-color":"var(--ast-global-color-5)","background-image":"","background-repeat":"repeat","background-position":"center center","background-size":"auto","background-attachment":"scroll","background-type":"","background-media":"","overlay-type":"","overlay-color":"","overlay-opacity":"","overlay-gradient":""},"mobile":{"background-color":"var(--ast-global-color-5)","background-image":"","background-repeat":"repeat","background-position":"center center","background-size":"auto","background-attachment":"scroll","background-type":"","background-media":"","overlay-type":"","overlay-color":"","overlay-opacity":"","overlay-gradient":""}}},"product_brand":[],"product_cat":[88],"product_tag":[],"class_list":{"0":"post-2750","1":"product","2":"type-product","3":"status-publish","4":"has-post-thumbnail","6":"product_cat-5-commercial-induction","7":"desktop-align-left","8":"tablet-align-left","9":"mobile-align-left","10":"ast-product-gallery-layout-horizontal-slider","11":"ast-product-gallery-with-no-image","12":"ast-product-tabs-layout-horizontal","14":"first","15":"instock","16":"shipping-taxable","17":"product-type-simple"},"_links":{"self":[{"href":"https:\/\/www.sinoevery.com\/pl\/wp-json\/wp\/v2\/product\/2750","targetHints":{"allow":["GET"]}}],"collection":[{"href":"https:\/\/www.sinoevery.com\/pl\/wp-json\/wp\/v2\/product"}],"about":[{"href":"https:\/\/www.sinoevery.com\/pl\/wp-json\/wp\/v2\/types\/product"}],"replies":[{"embeddable":true,"href":"https:\/\/www.sinoevery.com\/pl\/wp-json\/wp\/v2\/comments?post=2750"}],"wp:featuredmedia":[{"embeddable":true,"href":"https:\/\/www.sinoevery.com\/pl\/wp-json\/wp\/v2\/media\/2751"}],"wp:attachment":[{"href":"https:\/\/www.sinoevery.com\/pl\/wp-json\/wp\/v2\/media?parent=2750"}],"wp:term":[{"taxonomy":"product_brand","embeddable":true,"href":"https:\/\/www.sinoevery.com\/pl\/wp-json\/wp\/v2\/product_brand?post=2750"},{"taxonomy":"product_cat","embeddable":true,"href":"https:\/\/www.sinoevery.com\/pl\/wp-json\/wp\/v2\/product_cat?post=2750"},{"taxonomy":"product_tag","embeddable":true,"href":"https:\/\/www.sinoevery.com\/pl\/wp-json\/wp\/v2\/product_tag?post=2750"}],"curies":[{"name":"wp","href":"https:\/\/api.w.org\/{rel}","templated":true}]}}